{"id":686,"date":"2020-01-18T18:19:59","date_gmt":"2020-01-18T17:19:59","guid":{"rendered":"http:\/\/reflexosaintcyr.com\/?page_id=686"},"modified":"2020-01-19T17:39:33","modified_gmt":"2020-01-19T16:39:33","slug":"reflexologie-palmaire-2","status":"publish","type":"page","link":"https:\/\/reflexosaintcyr.com\/index.php\/reflexologie-palmaire-2\/","title":{"rendered":"R\u00e9flexologie palmaire"},"content":{"rendered":"\t\t<div data-elementor-type=\"wp-post\" data-elementor-id=\"686\" class=\"elementor elementor-686\">\n\t\t\t\t\t\t<div class=\"elementor-inner\">\n\t\t\t\t<div class=\"elementor-section-wrap\">\n\t\t\t\t\t\t\t\t\t<section class=\"elementor-section elementor-top-section elementor-element elementor-element-b6434e6 elementor-section-boxed elementor-section-height-default elementor-section-height-default\" data-id=\"b6434e6\" data-element_type=\"section\">\n\t\t\t\t\t\t<div class=\"elementor-container elementor-column-gap-default\">\n\t\t\t\t\t\t\t<div class=\"elementor-row\">\n\t\t\t\t\t<div class=\"elementor-column elementor-col-100 elementor-top-column elementor-element elementor-element-f8c2c5b\" data-id=\"f8c2c5b\" data-element_type=\"column\">\n\t\t\t<div class=\"elementor-column-wrap elementor-element-populated\">\n\t\t\t\t\t\t\t<div class=\"elementor-widget-wrap\">\n\t\t\t\t\t\t<div class=\"elementor-element elementor-element-fa2abf5 elementor-widget elementor-widget-heading\" data-id=\"fa2abf5\" data-element_type=\"widget\" data-widget_type=\"heading.default\">\n\t\t\t\t<div class=\"elementor-widget-container\">\n\t\t\t<h2 class=\"elementor-heading-title elementor-size-default\">R\u00e9flexologie palmaire<\/h2>\t\t<\/div>\n\t\t\t\t<\/div>\n\t\t\t\t\t\t<\/div>\n\t\t\t\t\t<\/div>\n\t\t<\/div>\n\t\t\t\t\t\t\t\t<\/div>\n\t\t\t\t\t<\/div>\n\t\t<\/section>\n\t\t\t\t<section class=\"elementor-section elementor-top-section elementor-element elementor-element-b89f017 elementor-section-boxed elementor-section-height-default elementor-section-height-default\" data-id=\"b89f017\" data-element_type=\"section\">\n\t\t\t\t\t\t<div class=\"elementor-container elementor-column-gap-default\">\n\t\t\t\t\t\t\t<div class=\"elementor-row\">\n\t\t\t\t\t<div class=\"elementor-column elementor-col-33 elementor-top-column elementor-element elementor-element-bd20be6\" data-id=\"bd20be6\" data-element_type=\"column\">\n\t\t\t<div class=\"elementor-column-wrap elementor-element-populated\">\n\t\t\t\t\t\t\t<div class=\"elementor-widget-wrap\">\n\t\t\t\t\t\t<div class=\"elementor-element elementor-element-b188d1b elementor-widget elementor-widget-text-editor\" data-id=\"b188d1b\" data-element_type=\"widget\" data-widget_type=\"text-editor.default\">\n\t\t\t\t<div class=\"elementor-widget-container\">\n\t\t\t\t\t\t\t\t<div class=\"elementor-text-editor elementor-clearfix\">\n\t\t\t\t<p><strong>La r\u00e9flexologie palmaire<\/strong> s\u2019adresse \u00e0 tous du nourrisson \u00e0 la personnes \u00e2g\u00e9e. Elle et \u00e9galement indiqu\u00e9 pour toutes les personnes ne pouvant ou ne voulant pas recevoir une r\u00e9flexologie plantaire.<\/p><p>Elle est particuli\u00e8rement appr\u00e9ci\u00e9e des personnes \u00e2g\u00e9es, car c\u2019est une technique non intrusive, relaxante et qui en plus apporte tous les bienfaits de la r\u00e9flexologie.<\/p><p>Elle est \u00e9galement utilis\u00e9e en auto-stimulation pour poursuivre le travail r\u00e9flexe entre deux s\u00e9ances.<\/p>\t\t\t\t\t<\/div>\n\t\t\t\t\t\t<\/div>\n\t\t\t\t<\/div>\n\t\t\t\t\t\t<\/div>\n\t\t\t\t\t<\/div>\n\t\t<\/div>\n\t\t\t\t<div class=\"elementor-column elementor-col-33 elementor-top-column elementor-element elementor-element-c02f7ae\" data-id=\"c02f7ae\" data-element_type=\"column\">\n\t\t\t<div class=\"elementor-column-wrap\">\n\t\t\t\t\t\t\t<div class=\"elementor-widget-wrap\">\n\t\t\t\t\t\t\t\t<\/div>\n\t\t\t\t\t<\/div>\n\t\t<\/div>\n\t\t\t\t<div class=\"elementor-column elementor-col-33 elementor-top-column elementor-element elementor-element-4586027\" data-id=\"4586027\" data-element_type=\"column\">\n\t\t\t<div class=\"elementor-column-wrap elementor-element-populated\">\n\t\t\t\t\t\t\t<div class=\"elementor-widget-wrap\">\n\t\t\t\t\t\t<div class=\"elementor-element elementor-element-a6e38d3 elementor-widget elementor-widget-image\" data-id=\"a6e38d3\" data-element_type=\"widget\" data-widget_type=\"image.default\">\n\t\t\t\t<div class=\"elementor-widget-container\">\n\t\t\t\t\t\t\t\t<div class=\"elementor-image\">\n\t\t\t\t\t\t\t\t\t\t\t\t<img decoding=\"async\" width=\"768\" height=\"499\" src=\"https:\/\/reflexosaintcyr.com\/wp-content\/uploads\/2019\/05\/palmaire.png\" class=\"attachment-large size-large wp-image-498\" alt=\"\" loading=\"lazy\" srcset=\"https:\/\/reflexosaintcyr.com\/wp-content\/uploads\/2019\/05\/palmaire.png 768w, https:\/\/reflexosaintcyr.com\/wp-content\/uploads\/2019\/05\/palmaire-300x195.png 300w\" sizes=\"(max-width: 768px) 100vw, 768px\" \/>\t\t\t\t\t\t\t\t\t\t\t\t\t\t<\/div>\n\t\t\t\t\t\t<\/div>\n\t\t\t\t<\/div>\n\t\t\t\t\t\t<\/div>\n\t\t\t\t\t<\/div>\n\t\t<\/div>\n\t\t\t\t\t\t\t\t<\/div>\n\t\t\t\t\t<\/div>\n\t\t<\/section>\n\t\t\t\t\t\t\t\t\t<\/div>\n\t\t\t<\/div>\n\t\t\t\t\t<\/div>\n\t\t","protected":false},"excerpt":{"rendered":"<p>R\u00e9flexologie palmaire La r\u00e9flexologie palmaire s\u2019adresse \u00e0 tous du nourrisson \u00e0 la personnes \u00e2g\u00e9e. Elle et \u00e9galement indiqu\u00e9 pour toutes les personnes ne pouvant ou ne voulant pas recevoir une r\u00e9flexologie plantaire. Elle est particuli\u00e8rement appr\u00e9ci\u00e9e des personnes \u00e2g\u00e9es, car c\u2019est une technique non intrusive, relaxante et qui en plus apporte tous les bienfaits de [&hellip;]<\/p>\n","protected":false},"author":1,"featured_media":0,"parent":0,"menu_order":0,"comment_status":"closed","ping_status":"closed","template":"","meta":{"_monsterinsights_skip_tracking":false,"_monsterinsights_sitenote_active":false,"_monsterinsights_sitenote_note":"","_monsterinsights_sitenote_category":0},"aioseo_notices":[],"_links":{"self":[{"href":"https:\/\/reflexosaintcyr.com\/index.php\/wp-json\/wp\/v2\/pages\/686"}],"collection":[{"href":"https:\/\/reflexosaintcyr.com\/index.php\/wp-json\/wp\/v2\/pages"}],"about":[{"href":"https:\/\/reflexosaintcyr.com\/index.php\/wp-json\/wp\/v2\/types\/page"}],"author":[{"embeddable":true,"href":"https:\/\/reflexosaintcyr.com\/index.php\/wp-json\/wp\/v2\/users\/1"}],"replies":[{"embeddable":true,"href":"https:\/\/reflexosaintcyr.com\/index.php\/wp-json\/wp\/v2\/comments?post=686"}],"version-history":[{"count":4,"href":"https:\/\/reflexosaintcyr.com\/index.php\/wp-json\/wp\/v2\/pages\/686\/revisions"}],"predecessor-version":[{"id":710,"href":"https:\/\/reflexosaintcyr.com\/index.php\/wp-json\/wp\/v2\/pages\/686\/revisions\/710"}],"wp:attachment":[{"href":"https:\/\/reflexosaintcyr.com\/index.php\/wp-json\/wp\/v2\/media?parent=686"}],"curies":[{"name":"wp","href":"https:\/\/api.w.org\/{rel}","templated":true}]}}