{"id":664,"date":"2020-01-18T18:00:05","date_gmt":"2020-01-18T17:00:05","guid":{"rendered":"http:\/\/reflexosaintcyr.com\/?page_id=664"},"modified":"2023-06-09T11:09:19","modified_gmt":"2023-06-09T09:09:19","slug":"test","status":"publish","type":"page","link":"https:\/\/reflexosaintcyr.com\/index.php\/test\/","title":{"rendered":"Auriculoth\u00e9rapie"},"content":{"rendered":"<h2>Auriculoth\u00e9rapie<\/h2>\n<p>L&rsquo;auriculoth\u00e9rapie est une r\u00e9flexoth\u00e9rapie tr\u00e8s \u00e9labor\u00e9e, class\u00e9e parmi les M\u00e9decines Alternatives et Compl\u00e9mentaires (MAC). Cette sorte d&rsquo;acupuncture appliqu\u00e9e au pavillon de l&rsquo;oreille a \u00e9t\u00e9 d\u00e9crite \u00e0 la moiti\u00e9 du XX\u00e8me si\u00e8cle par le Dr Paul Nogier (Lyon). Il a ensuite enseign\u00e9 l&rsquo;auriculoth\u00e9rapie aux m\u00e9decins pendant de nombreuses ann\u00e9es au Glem \u00e0 Lyon. Son fils poursuit aujourd&rsquo;hui ses recherches<\/p>\n<p>L&rsquo;OMS a reconnu l&rsquo;auriculoth\u00e9rapie comme m\u00e9decine traditionnelle en 1987.<br \/>\nEn 2013, \u00e0 la demande de la DGS, l&rsquo;INSERM a \u00e9valu\u00e9 l&rsquo;efficacit\u00e9 de sa pratique.<\/p>\n<p>L&rsquo;auriculoth\u00e9rapie est une m\u00e9thode permettant de soulager les maux du quotidien gr\u00e2ce \u00e0 des points de pression sur l&rsquo;oreille. En effet, chaque point du pavillon de l&rsquo;oreille est en correspondance avec une partie sp\u00e9cifique du corps. En utilisant les propri\u00e9t\u00e9s r\u00e9flexes auriculaires, il est ainsi possible d&rsquo;\u00eatre en meilleure sant\u00e9 durablement, de fa\u00e7on efficace et peu on\u00e9reuse.<\/p>\n<p>Je pratique l&rsquo;auriculoth\u00e9rapie soit par pression manuelle, soit avec un appareil qui va permettre de d\u00e9tecter et traiter les points en baisse d\u2019imp\u00e9dance (c\u2019est-\u00e0-dire en baisse de r\u00e9action \u00e9lectrique). L\u2019appareil est non invasif et son contact n\u2019est donc pas douloureux. Les personnes les plus sensibles peuvent ressentir un picotement.<\/p>\n<p><img decoding=\"async\" loading=\"lazy\" width=\"1024\" height=\"967\" src=\"http:\/\/reflexosaintcyr.com\/wp-content\/uploads\/2019\/05\/oreille-1024x967.png\" alt=\"\" srcset=\"http:\/\/reflexosaintcyr.com\/wp-content\/uploads\/2019\/05\/oreille-1024x967.png 1024w, http:\/\/reflexosaintcyr.com\/wp-content\/uploads\/2019\/05\/oreille-300x283.png 300w, http:\/\/reflexosaintcyr.com\/wp-content\/uploads\/2019\/05\/oreille-768x726.png 768w\" sizes=\"(max-width: 1024px) 100vw, 1024px\"><\/p>\n","protected":false},"excerpt":{"rendered":"<p>Auriculoth\u00e9rapie L&rsquo;auriculoth\u00e9rapie est une r\u00e9flexoth\u00e9rapie tr\u00e8s \u00e9labor\u00e9e, class\u00e9e parmi les M\u00e9decines Alternatives et Compl\u00e9mentaires (MAC). Cette sorte d&rsquo;acupuncture appliqu\u00e9e au pavillon de l&rsquo;oreille a \u00e9t\u00e9 d\u00e9crite \u00e0 la moiti\u00e9 du XX\u00e8me si\u00e8cle par le Dr Paul Nogier (Lyon). Il a ensuite enseign\u00e9 l&rsquo;auriculoth\u00e9rapie aux m\u00e9decins pendant de nombreuses ann\u00e9es au Glem \u00e0 Lyon. Son fils [&hellip;]<\/p>\n","protected":false},"author":1,"featured_media":0,"parent":0,"menu_order":0,"comment_status":"closed","ping_status":"closed","template":"","meta":{"_monsterinsights_skip_tracking":false,"_monsterinsights_sitenote_active":false,"_monsterinsights_sitenote_note":"","_monsterinsights_sitenote_category":0},"aioseo_notices":[],"_links":{"self":[{"href":"https:\/\/reflexosaintcyr.com\/index.php\/wp-json\/wp\/v2\/pages\/664"}],"collection":[{"href":"https:\/\/reflexosaintcyr.com\/index.php\/wp-json\/wp\/v2\/pages"}],"about":[{"href":"https:\/\/reflexosaintcyr.com\/index.php\/wp-json\/wp\/v2\/types\/page"}],"author":[{"embeddable":true,"href":"https:\/\/reflexosaintcyr.com\/index.php\/wp-json\/wp\/v2\/users\/1"}],"replies":[{"embeddable":true,"href":"https:\/\/reflexosaintcyr.com\/index.php\/wp-json\/wp\/v2\/comments?post=664"}],"version-history":[{"count":6,"href":"https:\/\/reflexosaintcyr.com\/index.php\/wp-json\/wp\/v2\/pages\/664\/revisions"}],"predecessor-version":[{"id":758,"href":"https:\/\/reflexosaintcyr.com\/index.php\/wp-json\/wp\/v2\/pages\/664\/revisions\/758"}],"wp:attachment":[{"href":"https:\/\/reflexosaintcyr.com\/index.php\/wp-json\/wp\/v2\/media?parent=664"}],"curies":[{"name":"wp","href":"https:\/\/api.w.org\/{rel}","templated":true}]}}