{"id":649,"date":"2020-01-18T17:42:58","date_gmt":"2020-01-18T16:42:58","guid":{"rendered":"http:\/\/reflexosaintcyr.com\/?page_id=649"},"modified":"2026-01-08T21:02:52","modified_gmt":"2026-01-08T20:02:52","slug":"tarifs-2","status":"publish","type":"page","link":"https:\/\/reflexosaintcyr.com\/index.php\/tarifs-2\/","title":{"rendered":"Tarifs"},"content":{"rendered":"\t\t<div data-elementor-type=\"wp-post\" data-elementor-id=\"649\" class=\"elementor elementor-649\">\n\t\t\t\t\t\t<div class=\"elementor-inner\">\n\t\t\t\t<div class=\"elementor-section-wrap\">\n\t\t\t\t\t\t\t\t\t<section class=\"elementor-section elementor-top-section elementor-element elementor-element-ec9e219 elementor-section-boxed elementor-section-height-default elementor-section-height-default\" data-id=\"ec9e219\" data-element_type=\"section\">\n\t\t\t\t\t\t<div class=\"elementor-container elementor-column-gap-default\">\n\t\t\t\t\t\t\t<div class=\"elementor-row\">\n\t\t\t\t\t<div class=\"elementor-column elementor-col-100 elementor-top-column elementor-element elementor-element-65296e6\" data-id=\"65296e6\" data-element_type=\"column\">\n\t\t\t<div class=\"elementor-column-wrap elementor-element-populated\">\n\t\t\t\t\t\t\t<div class=\"elementor-widget-wrap\">\n\t\t\t\t\t\t<div class=\"elementor-element elementor-element-a7cb000 elementor-widget elementor-widget-text-editor\" data-id=\"a7cb000\" data-element_type=\"widget\" data-widget_type=\"text-editor.default\">\n\t\t\t\t<div class=\"elementor-widget-container\">\n\t\t\t\t\t\t\t\t<div class=\"elementor-text-editor elementor-clearfix\">\n\t\t\t\t<p><strong>Consultation de r\u00e9flexologie combin\u00e9e<\/strong><\/p>\n<ul>\n<li>Dur\u00e9e : 1h<\/li>\n<li>60 \u20ac<\/li>\n<\/ul>\n<p><strong>Consultation de r\u00e9flexologie enfant (jusqu\u2019\u00e0 16 ans)<\/strong><\/p>\n<ul>\n<li>Dur\u00e9e : 45 minutes<\/li>\n<li>50 \u20ac<\/li>\n<\/ul>\n<p><strong>Certaines mutuelles prennent en charge les consultations de r\u00e9flexologie.<\/strong><\/p>\n<ul>\n<li>Renseignez-vous \u2026<\/li>\n<\/ul>\t\t\t\t\t<\/div>\n\t\t\t\t\t\t<\/div>\n\t\t\t\t<\/div>\n\t\t\t\t\t\t<\/div>\n\t\t\t\t\t<\/div>\n\t\t<\/div>\n\t\t\t\t\t\t\t\t<\/div>\n\t\t\t\t\t<\/div>\n\t\t<\/section>\n\t\t\t\t\t\t\t\t\t<\/div>\n\t\t\t<\/div>\n\t\t\t\t\t<\/div>\n\t\t","protected":false},"excerpt":{"rendered":"<p>Consultation de r\u00e9flexologie combin\u00e9e Dur\u00e9e : 1h 60 \u20ac Consultation de r\u00e9flexologie enfant (jusqu\u2019\u00e0 16 ans) Dur\u00e9e : 45 minutes 50 \u20ac Certaines mutuelles prennent en charge les consultations de r\u00e9flexologie. Renseignez-vous \u2026<\/p>\n","protected":false},"author":1,"featured_media":0,"parent":0,"menu_order":0,"comment_status":"closed","ping_status":"closed","template":"","meta":{"_monsterinsights_skip_tracking":false,"_monsterinsights_sitenote_active":false,"_monsterinsights_sitenote_note":"","_monsterinsights_sitenote_category":0},"aioseo_notices":[],"_links":{"self":[{"href":"https:\/\/reflexosaintcyr.com\/index.php\/wp-json\/wp\/v2\/pages\/649"}],"collection":[{"href":"https:\/\/reflexosaintcyr.com\/index.php\/wp-json\/wp\/v2\/pages"}],"about":[{"href":"https:\/\/reflexosaintcyr.com\/index.php\/wp-json\/wp\/v2\/types\/page"}],"author":[{"embeddable":true,"href":"https:\/\/reflexosaintcyr.com\/index.php\/wp-json\/wp\/v2\/users\/1"}],"replies":[{"embeddable":true,"href":"https:\/\/reflexosaintcyr.com\/index.php\/wp-json\/wp\/v2\/comments?post=649"}],"version-history":[{"count":9,"href":"https:\/\/reflexosaintcyr.com\/index.php\/wp-json\/wp\/v2\/pages\/649\/revisions"}],"predecessor-version":[{"id":783,"href":"https:\/\/reflexosaintcyr.com\/index.php\/wp-json\/wp\/v2\/pages\/649\/revisions\/783"}],"wp:attachment":[{"href":"https:\/\/reflexosaintcyr.com\/index.php\/wp-json\/wp\/v2\/media?parent=649"}],"curies":[{"name":"wp","href":"https:\/\/api.w.org\/{rel}","templated":true}]}}