{"id":157,"date":"2019-01-06T17:21:16","date_gmt":"2019-01-06T17:21:16","guid":{"rendered":"http:\/\/127.0.0.1:10080\/wordpress\/?page_id=157"},"modified":"2020-01-18T18:23:50","modified_gmt":"2020-01-18T17:23:50","slug":"la-reflexologie","status":"publish","type":"page","link":"https:\/\/reflexosaintcyr.com\/index.php\/la-reflexologie\/","title":{"rendered":"La r\u00e9flexologie"},"content":{"rendered":"\t\t<div data-elementor-type=\"wp-post\" data-elementor-id=\"157\" class=\"elementor elementor-157\">\n\t\t\t\t\t\t<div class=\"elementor-inner\">\n\t\t\t\t<div class=\"elementor-section-wrap\">\n\t\t\t\t\t\t\t\t\t<section class=\"elementor-section elementor-top-section elementor-element elementor-element-2724e244 elementor-section-boxed elementor-section-height-default elementor-section-height-default\" data-id=\"2724e244\" data-element_type=\"section\">\n\t\t\t\t\t\t<div class=\"elementor-container elementor-column-gap-default\">\n\t\t\t\t\t\t\t<div class=\"elementor-row\">\n\t\t\t\t\t<div class=\"elementor-column elementor-col-100 elementor-top-column elementor-element elementor-element-6b7b0eea\" data-id=\"6b7b0eea\" data-element_type=\"column\">\n\t\t\t<div class=\"elementor-column-wrap elementor-element-populated\">\n\t\t\t\t\t\t\t<div class=\"elementor-widget-wrap\">\n\t\t\t\t\t\t<div class=\"elementor-element elementor-element-7e5c9bc5 elementor-widget elementor-widget-text-editor\" data-id=\"7e5c9bc5\" data-element_type=\"widget\" data-widget_type=\"text-editor.default\">\n\t\t\t\t<div class=\"elementor-widget-container\">\n\t\t\t\t\t\t\t\t<div class=\"elementor-text-editor elementor-clearfix\">\n\t\t\t\t<!-- wp:paragraph {\"textColor\":\"luminous-vivid-orange\"} -->\n<p class=\"has-text-color has-luminous-vivid-orange-color\"><strong>Pour aller vers la pr\u00e9vention sant\u00e9<\/strong><\/p>\n<!-- \/wp:paragraph --><!-- wp:paragraph -->\n<p>Aujourd\u2019hui, avec l\u2019engouement pour les m\u00e9decines non conventionnelles, la\u00a0r\u00e9flexologie\u00a0conna\u00eet un succ\u00e8s grandissant.\u00a0 \u00a0<\/p>\n<!-- \/wp:paragraph --><!-- wp:paragraph -->\n<p>La r\u00e9flexologie est\u00a0<strong>une pratique tr\u00e8s ancienne,<\/strong>\u00a0utilis\u00e9e dans diff\u00e9rentes civilisations (\u00e9gyptienne, chinoise, indienne, africaine \u2026 ). Pour ces civilisations, la sant\u00e9 commence par la pr\u00e9vention.<br \/>En occident, notre histoire et les progr\u00e8s de la m\u00e9decine moderne, ne nous ont pas incit\u00e9s \u00e0 avoir cette\u00a0<strong>culture de la pr\u00e9vention<\/strong>. Aujourd\u2019hui<br \/>pourtant une prise de conscience nous am\u00e8ne \u00e0 nous repositionner sur cette question ainsi que sur\u00a0 la mani\u00e8re d\u2019aborder notre sant\u00e9.\u00a0<strong>La<br \/>r\u00e9flexologie se fait alors une place dans notre mode de vie<\/strong>.<\/p>\n<!-- \/wp:paragraph --><!-- wp:paragraph {\"textColor\":\"luminous-vivid-orange\"} -->\n<p class=\"has-text-color has-luminous-vivid-orange-color\"><strong>Une approche globale de la sant\u00e9<\/strong><\/p>\n<!-- \/wp:paragraph --><!-- wp:paragraph -->\n<p>Cette\u00a0<strong>m\u00e9thode naturelle<\/strong>\u00a0est un outil pr\u00e9cieux dans le domaine de la pr\u00e9vention, elle apporte \u00e9galement un r\u00e9el compl\u00e9ment aux soins de la m\u00e9decine moderne. Pour la\u00a0<strong>gestion du stress<\/strong>\u00a0mais aussi la\u00a0<strong>gestion de la<br \/>douleur<\/strong>, cette pratique est de plus en plus recherch\u00e9e. Bas\u00e9e sur une\u00a0<strong>approche globale de la sant\u00e9<\/strong>, la r\u00e9flexologie vous accompagnera pour retrouver et maintenir votre\u00a0<strong>\u00e9quilibre<\/strong>\u00a0!<\/p>\n<!-- \/wp:paragraph --><!-- wp:paragraph {\"textColor\":\"luminous-vivid-orange\"} -->\n<p class=\"has-text-color has-luminous-vivid-orange-color\"><strong>Les diff\u00e9rentes techniques r\u00e9flexes<\/strong><\/p>\n<!-- \/wp:paragraph --><!-- wp:paragraph -->\n<p>La r\u00e9flexologie permet, par une pression sp\u00e9cifique sur des \u00ab\u00a0zones r\u00e9flexes\u00a0\u00bb une action sur certaines parties du corps, glandes ou organes. <br \/>L\u2019approche globale et dynamique d\u2019une consultation en r\u00e9flexologie favorise un retour vers l\u2019\u00e9quilibre du corps et de l\u2019esprit (hom\u00e9ostasie).<\/p>\n<!-- \/wp:paragraph --><!-- wp:paragraph -->\n<p>\u00a0<\/p>\n<!-- \/wp:paragraph --><!-- wp:paragraph -->\n<p>La stimulation des zones r\u00e9flexes relance les respirations et les fonctions m\u00e9taboliques de l\u2019organisme, elle lib\u00e8re les tensions, harmonise les \u00e9motions, am\u00e9liore la circulation des liquides du corps et r\u00e9tablit ainsi l\u2019\u00e9quilibre \u00e9nerg\u00e9tique. L\u2019ensemble des syst\u00e8mes (lymphatique,<br \/>sanguin, endocrinien, etc ) se trouvent harmonis\u00e9s.<\/p>\n<!-- \/wp:paragraph --><!-- wp:paragraph -->\n<p>La\u00a0r\u00e9flexologie\u00a0est une\u00a0th\u00e9rapie holistique qui touche non seulement le physique mais aussi le mental et l\u2019\u00e9motionnel du patient.<\/p>\n<!-- \/wp:paragraph --><!-- wp:paragraph -->\n<p>La r\u00e9flexologie ne permet en aucun cas d\u2019\u00e9tablir un diagnostic ou de modifier un traitement m\u00e9dical.<\/p>\n<!-- \/wp:paragraph --><!-- wp:paragraph -->\n<p>Je pratique les 4 techniques ci-dessous<br \/>dans des s\u00e9ances de r\u00e9flexologie combin\u00e9e en fonction des besoins :<\/p>\n<!-- \/wp:paragraph --><!-- wp:list -->\n<ul>\n<li>La r\u00e9flexologie plantaire,<\/li>\n<li>La r\u00e9flexologie palmaire,<\/li>\n<li>La r\u00e9flexologie auriculaire,<\/li>\n<li>La r\u00e9flexologie faciale (Dien Chan).<\/li>\n<\/ul>\n<!-- \/wp:list --><!-- wp:paragraph -->\n<p>En associant ces diff\u00e9rentes techniques, la <strong>r\u00e9flexologie combin\u00e9e<\/strong> permet d&rsquo;obtenir de meilleurs r\u00e9sultats, rapides et durables.<\/p>\n<!-- \/wp:paragraph -->\t\t\t\t\t<\/div>\n\t\t\t\t\t\t<\/div>\n\t\t\t\t<\/div>\n\t\t\t\t\t\t<\/div>\n\t\t\t\t\t<\/div>\n\t\t<\/div>\n\t\t\t\t\t\t\t\t<\/div>\n\t\t\t\t\t<\/div>\n\t\t<\/section>\n\t\t\t\t\t\t\t\t\t<\/div>\n\t\t\t<\/div>\n\t\t\t\t\t<\/div>\n\t\t","protected":false},"excerpt":{"rendered":"<p>Pour aller vers la pr\u00e9vention sant\u00e9 Aujourd\u2019hui, avec l\u2019engouement pour les m\u00e9decines non conventionnelles, la\u00a0r\u00e9flexologie\u00a0conna\u00eet un succ\u00e8s grandissant.\u00a0 \u00a0 La r\u00e9flexologie est\u00a0une pratique tr\u00e8s ancienne,\u00a0utilis\u00e9e dans diff\u00e9rentes civilisations (\u00e9gyptienne, chinoise, indienne, africaine \u2026 ). Pour ces civilisations, la sant\u00e9 commence par la pr\u00e9vention.En occident, notre histoire et les progr\u00e8s de la m\u00e9decine moderne, ne nous [&hellip;]<\/p>\n","protected":false},"author":1,"featured_media":0,"parent":0,"menu_order":0,"comment_status":"closed","ping_status":"closed","template":"","meta":{"_monsterinsights_skip_tracking":false,"_monsterinsights_sitenote_active":false,"_monsterinsights_sitenote_note":"","_monsterinsights_sitenote_category":0},"aioseo_notices":[],"_links":{"self":[{"href":"https:\/\/reflexosaintcyr.com\/index.php\/wp-json\/wp\/v2\/pages\/157"}],"collection":[{"href":"https:\/\/reflexosaintcyr.com\/index.php\/wp-json\/wp\/v2\/pages"}],"about":[{"href":"https:\/\/reflexosaintcyr.com\/index.php\/wp-json\/wp\/v2\/types\/page"}],"author":[{"embeddable":true,"href":"https:\/\/reflexosaintcyr.com\/index.php\/wp-json\/wp\/v2\/users\/1"}],"replies":[{"embeddable":true,"href":"https:\/\/reflexosaintcyr.com\/index.php\/wp-json\/wp\/v2\/comments?post=157"}],"version-history":[{"count":2,"href":"https:\/\/reflexosaintcyr.com\/index.php\/wp-json\/wp\/v2\/pages\/157\/revisions"}],"predecessor-version":[{"id":691,"href":"https:\/\/reflexosaintcyr.com\/index.php\/wp-json\/wp\/v2\/pages\/157\/revisions\/691"}],"wp:attachment":[{"href":"https:\/\/reflexosaintcyr.com\/index.php\/wp-json\/wp\/v2\/media?parent=157"}],"curies":[{"name":"wp","href":"https:\/\/api.w.org\/{rel}","templated":true}]}}